{"id":69,"date":"2024-11-02T12:08:20","date_gmt":"2024-11-02T12:08:20","guid":{"rendered":"https:\/\/eurosalesman.mx\/usa\/"},"modified":"2025-02-25T15:38:40","modified_gmt":"2025-02-25T15:38:40","slug":"mexico","status":"publish","type":"page","link":"https:\/\/eurosalesman.mx\/sv\/","title":{"rendered":"Mexico"},"content":{"rendered":"<div data-elementor-type=\"wp-page\" data-elementor-id=\"69\" class=\"elementor elementor-69\" data-elementor-post-type=\"page\">\n\t\t\t\t<div class=\"elementor-element elementor-element-51277283 e-con-full e-flex e-con e-parent\" data-id=\"51277283\" data-element_type=\"container\" data-e-type=\"container\" data-settings=\"{&quot;background_background&quot;:&quot;classic&quot;}\">\n\t\t<div class=\"elementor-element elementor-element-4d2cbda8 e-con-full e-flex e-con e-child\" data-id=\"4d2cbda8\" data-element_type=\"container\" data-e-type=\"container\">\n\t\t\t\t<div class=\"elementor-element elementor-element-2e4c18c8 elementor-widget__width-inherit elementor-widget-divider--view-line elementor-invisible elementor-widget elementor-widget-divider\" data-id=\"2e4c18c8\" data-element_type=\"widget\" data-e-type=\"widget\" data-settings=\"{&quot;_animation&quot;:&quot;fadeInLeft&quot;}\" data-widget_type=\"divider.default\">\n\t\t\t\t<div class=\"elementor-widget-container\">\n\t\t\t\t\t\t\t<div class=\"elementor-divider\">\n\t\t\t<span class=\"elementor-divider-separator\">\n\t\t\t\t\t\t<\/span>\n\t\t<\/div>\n\t\t\t\t\t\t<\/div>\n\t\t\t\t<\/div>\n\t\t\t\t<div class=\"elementor-element elementor-element-7c6fca23 elementor-widget__width-initial elementor-widget-tablet__width-inherit elementor-widget elementor-widget-heading\" data-id=\"7c6fca23\" data-element_type=\"widget\" data-e-type=\"widget\" data-widget_type=\"heading.default\">\n\t\t\t\t<div class=\"elementor-widget-container\">\n\t\t\t\t\t<h1 class=\"elementor-heading-title elementor-size-default\">Mexiko - Ta vara p\u00e5 tillv\u00e4xtm\u00f6jligheterna!<\/h1>\t\t\t\t<\/div>\n\t\t\t\t<\/div>\n\t\t\t\t<div class=\"elementor-element elementor-element-49d4c822 elementor-widget__width-initial elementor-widget-tablet__width-inherit elementor-widget elementor-widget-text-editor\" data-id=\"49d4c822\" data-element_type=\"widget\" data-e-type=\"widget\" data-widget_type=\"text-editor.default\">\n\t\t\t\t<div class=\"elementor-widget-container\">\n\t\t\t\t\t\t\t\t\t<p>Mexiko har en stark ekonomi, ett strategiskt l\u00e4ge och en m\u00e5ngsidig konsumentbas, vilket g\u00f6r landet till en idealisk marknad f\u00f6r f\u00f6retag som vill expandera och hitta nya v\u00e4gar till framg\u00e5ng i Latinamerika.<\/p>\t\t\t\t\t\t\t\t<\/div>\n\t\t\t\t<\/div>\n\t\t\t\t<\/div>\n\t\t\t\t<\/div>\n\t\t<div class=\"elementor-element elementor-element-b383323 e-con-full e-flex e-con e-parent\" data-id=\"b383323\" data-element_type=\"container\" data-e-type=\"container\">\n\t\t<div class=\"elementor-element elementor-element-53eb6e5 e-con-full e-flex e-con e-child\" data-id=\"53eb6e5\" data-element_type=\"container\" data-e-type=\"container\">\n\t\t\t\t<div class=\"elementor-element elementor-element-8abe30d elementor-widget__width-inherit elementor-widget-divider--view-line elementor-invisible elementor-widget elementor-widget-divider\" data-id=\"8abe30d\" data-element_type=\"widget\" data-e-type=\"widget\" data-settings=\"{&quot;_animation&quot;:&quot;fadeInLeft&quot;}\" data-widget_type=\"divider.default\">\n\t\t\t\t<div class=\"elementor-widget-container\">\n\t\t\t\t\t\t\t<div class=\"elementor-divider\">\n\t\t\t<span class=\"elementor-divider-separator\">\n\t\t\t\t\t\t<\/span>\n\t\t<\/div>\n\t\t\t\t\t\t<\/div>\n\t\t\t\t<\/div>\n\t\t\t\t<div class=\"elementor-element elementor-element-df074a0 elementor-widget__width-initial elementor-widget-tablet__width-inherit elementor-widget elementor-widget-heading\" data-id=\"df074a0\" data-element_type=\"widget\" data-e-type=\"widget\" data-widget_type=\"heading.default\">\n\t\t\t\t<div class=\"elementor-widget-container\">\n\t\t\t\t\t<h2 class=\"elementor-heading-title elementor-size-default\">Utvalda annonser<\/h2>\t\t\t\t<\/div>\n\t\t\t\t<\/div>\n\t\t\t\t<div class=\"elementor-element elementor-element-39f5f7e8 elementor-widget__width-initial elementor-widget-tablet__width-inherit elementor-widget elementor-widget-text-editor\" data-id=\"39f5f7e8\" data-element_type=\"widget\" data-e-type=\"widget\" data-widget_type=\"text-editor.default\">\n\t\t\t\t<div class=\"elementor-widget-container\">\n\t\t\t\t\t\t\t\t\t<p>Nedan presenteras de f\u00f6retag som har valt att visa upp sina varum\u00e4rken i Mexiko och utnyttja de enorma m\u00f6jligheter som denna dynamiska och inflytelserika marknad erbjuder.<\/p>\t\t\t\t\t\t\t\t<\/div>\n\t\t\t\t<\/div>\n\t\t\t\t<\/div>\n\t\t<div class=\"elementor-element elementor-element-7aa9d49 e-con-full e-flex e-con e-child\" data-id=\"7aa9d49\" data-element_type=\"container\" data-e-type=\"container\">\n\t\t\t\t<div class=\"elementor-element elementor-element-307b254 elementor-widget__width-inherit elementor-widget elementor-widget-shortcode\" data-id=\"307b254\" data-element_type=\"widget\" data-e-type=\"widget\" data-widget_type=\"shortcode.default\">\n\t\t\t\t<div class=\"elementor-widget-container\">\n\t\t\t\t\t\t\t<div class=\"elementor-shortcode\"><div class=\"myplugin-site-posts-filter\"><form method=\"get\" action=\"\"><label for=\"category-filter\">Filtrera efter kategori:<\/label> <select id=\"category-filter\" name=\"category\" onchange=\"this.form.submit()\"><option value=\"\">Alla kategorier<\/option><option value=\"professional-services\" >Professionella tj\u00e4nster<\/option><option value=\"technology-innovation\" >Teknik och innovation<\/option><option value=\"retail-e-commerce\" >Detaljhandel &amp; E-handel<\/option><option value=\"health-wellness\" >H\u00e4lsa och v\u00e4lbefinnande<\/option><option value=\"construction-real-estate\" >Bygg- och fastighetsbranschen<\/option><option value=\"finance-insurance\" >Finans &amp; F\u00f6rs\u00e4kring<\/option><option value=\"education-training\" >Utbildning &amp; fortbildning<\/option><option value=\"logistics-manufacturing\" >Logistik &amp; tillverkning<\/option><\/select><input type=\"hidden\" name=\"trp-form-language\" value=\"sv\"\/><\/form><\/div><div class=\"myplugin-site-posts\"><p>Inga inl\u00e4gg hittades f\u00f6r denna kategori.<\/p><\/div><\/div>\n\t\t\t\t\t\t<\/div>\n\t\t\t\t<\/div>\n\t\t\t\t<\/div>\n\t\t\t\t<\/div>\n\t\t<div class=\"elementor-element elementor-element-478d4243 e-con-full e-flex e-con e-parent\" data-id=\"478d4243\" data-element_type=\"container\" data-e-type=\"container\" data-settings=\"{&quot;background_background&quot;:&quot;classic&quot;}\">\n\t\t<div class=\"elementor-element elementor-element-3fae316f e-con-full e-flex e-con e-child\" data-id=\"3fae316f\" data-element_type=\"container\" data-e-type=\"container\">\n\t\t\t\t<div class=\"elementor-element elementor-element-27e60cca elementor-invisible elementor-widget elementor-widget-heading\" data-id=\"27e60cca\" data-element_type=\"widget\" data-e-type=\"widget\" data-settings=\"{&quot;_animation&quot;:&quot;fadeIn&quot;}\" data-widget_type=\"heading.default\">\n\t\t\t\t<div class=\"elementor-widget-container\">\n\t\t\t\t\t<h2 class=\"elementor-heading-title elementor-size-default\">Vill du s\u00e4tta fart p\u00e5 ditt f\u00f6retag redan idag?<\/h2>\t\t\t\t<\/div>\n\t\t\t\t<\/div>\n\t\t\t\t<div class=\"elementor-element elementor-element-4a79e29 elementor-widget elementor-widget-text-editor\" data-id=\"4a79e29\" data-element_type=\"widget\" data-e-type=\"widget\" data-settings=\"{&quot;_animation&quot;:&quot;none&quot;}\" data-widget_type=\"text-editor.default\">\n\t\t\t\t<div class=\"elementor-widget-container\">\n\t\t\t\t\t\t\t\t\t<p>Kontakta oss idag f\u00f6r att f\u00e5 veta mer om hur vi kan hj\u00e4lpa dig att uppn\u00e5 dina marknadsf\u00f6ringsm\u00e5l med precision och s\u00e4kerhet.<\/p>\t\t\t\t\t\t\t\t<\/div>\n\t\t\t\t<\/div>\n\t\t\t\t<div class=\"elementor-element elementor-element-26a9606d elementor-align-justify elementor-widget__width-initial elementor-widget elementor-widget-button\" data-id=\"26a9606d\" data-element_type=\"widget\" data-e-type=\"widget\" data-widget_type=\"button.default\">\n\t\t\t\t<div class=\"elementor-widget-container\">\n\t\t\t\t\t\t\t\t\t<div class=\"elementor-button-wrapper\">\n\t\t\t\t\t<a class=\"elementor-button elementor-size-sm\" role=\"button\">\n\t\t\t\t\t\t<span class=\"elementor-button-content-wrapper\">\n\t\t\t\t\t\t\t\t\t<span class=\"elementor-button-text\">Kontakta oss<\/span>\n\t\t\t\t\t<\/span>\n\t\t\t\t\t<\/a>\n\t\t\t\t<\/div>\n\t\t\t\t\t\t\t\t<\/div>\n\t\t\t\t<\/div>\n\t\t\t\t<\/div>\n\t\t<div class=\"elementor-element elementor-element-7271e7fa e-con-full e-flex e-con e-child\" data-id=\"7271e7fa\" data-element_type=\"container\" data-e-type=\"container\" data-settings=\"{&quot;background_background&quot;:&quot;classic&quot;}\">\n\t\t\t\t<\/div>\n\t\t\t\t<\/div>\n\t\t\t\t<\/div>","protected":false},"excerpt":{"rendered":"<p>Mexico &#8211; Embrace the Opportunities for Growth! Mexico offers a robust economy, a strategic location, and a diverse consumer base, making it an ideal market for businesses seeking expansion and new avenues for success in Latin America. Featured Ads Below are the companies that have chosen to showcase their brands in Mexico, tapping into the [&hellip;]<\/p>","protected":false},"author":3,"featured_media":0,"parent":0,"menu_order":0,"comment_status":"closed","ping_status":"closed","template":"elementor_header_footer","meta":{"footnotes":""},"class_list":["post-69","page","type-page","status-publish","hentry"],"_links":{"self":[{"href":"https:\/\/eurosalesman.mx\/sv\/wp-json\/wp\/v2\/pages\/69","targetHints":{"allow":["GET"]}}],"collection":[{"href":"https:\/\/eurosalesman.mx\/sv\/wp-json\/wp\/v2\/pages"}],"about":[{"href":"https:\/\/eurosalesman.mx\/sv\/wp-json\/wp\/v2\/types\/page"}],"author":[{"embeddable":true,"href":"https:\/\/eurosalesman.mx\/sv\/wp-json\/wp\/v2\/users\/3"}],"replies":[{"embeddable":true,"href":"https:\/\/eurosalesman.mx\/sv\/wp-json\/wp\/v2\/comments?post=69"}],"version-history":[{"count":14,"href":"https:\/\/eurosalesman.mx\/sv\/wp-json\/wp\/v2\/pages\/69\/revisions"}],"predecessor-version":[{"id":143,"href":"https:\/\/eurosalesman.mx\/sv\/wp-json\/wp\/v2\/pages\/69\/revisions\/143"}],"wp:attachment":[{"href":"https:\/\/eurosalesman.mx\/sv\/wp-json\/wp\/v2\/media?parent=69"}],"curies":[{"name":"wp","href":"https:\/\/api.w.org\/{rel}","templated":true}]}}